{"id":1247,"date":"2023-06-22T15:57:46","date_gmt":"2023-06-22T13:57:46","guid":{"rendered":"https:\/\/www.frigoimpianti.it\/le-nostre-tecnologie-tunnel\/"},"modified":"2024-02-09T18:07:40","modified_gmt":"2024-02-09T17:07:40","slug":"nuestra-tecnologia-tunel","status":"publish","type":"page","link":"https:\/\/www.frigoimpianti.it\/es\/nuestra-tecnologia-tunel\/","title":{"rendered":"Nuestra tecnolog\u00eda"},"content":{"rendered":"<p><strong>T\u00daNEL HMI:<\/strong><\/p>\n<p>La interfaz hombre-m\u00e1quina (HMI) consta de paneles t\u00e1ctiles de 65 000 colores en formato 16:9 y tecnolog\u00eda TFT.<\/p>\n<p>El software multim\u00e1quina, desarrollado por el departamento inform\u00e1tico de Frigo Impianti, est\u00e1 configurado para gestionar los distintos tipos de m\u00e1quinas y, en particular:<\/p>\n<ul>\n<li>Visualizar el estado de los par\u00e1metros de funcionamiento del sistema (entradas\/salidas del plc, lectura de la temperatura ambiente, estado de los inversores que accionan los motores, etc.).<\/li>\n<li>Ajustar los par\u00e1metros de control del software (velocidad de la cinta, consigna de temperatura ambiente, velocidad de ventilaci\u00f3n, etc.).<\/li>\n<li>Activar\/desactivar las distintas funciones del sistema.<\/li>\n<li>Visualizar y restablecer las alarmas.<\/li>\n<\/ul>\n<p>El panel tambi\u00e9n puede conectarse, a trav\u00e9s de Ethernet, a la red de la empresa del cliente para visualizar, mediante el protocolo VNC, el estado de la instalaci\u00f3n como si se estuviera delante del propio panel.<\/p>\n<p>&nbsp;<\/p>\n<p><strong>T\u00daNEL PLC:<\/strong><\/p>\n<p>El funcionamiento del sistema est\u00e1 garantizado por un PLC equipado con una serie de tarjetas de entrada-salida adicionales y un puerto de comunicaci\u00f3n que, a trav\u00e9s de un conmutador Ethernet, permite intercambiar datos con la HMI, los inversores y el sistema de teleasistencia.<\/p>\n<p>El software multim\u00e1quina, desarrollado por el departamento inform\u00e1tico de Frigo Impianti, est\u00e1 configurado para gestionar los distintos tipos de m\u00e1quinas y, en particular:<\/p>\n<ul>\n<li>Leer el estado de los sensores de temperatura.<\/li>\n<li>En funci\u00f3n de los ajustes del operador a trav\u00e9s de la hmi, controlar las distintas utilidades (cinta, sistema de refrigeraci\u00f3n, ventilaci\u00f3n, limpieza del evaporador, etc.).<\/li>\n<li>Activar\/desactivar las distintas funciones del sistema.<\/li>\n<li>Modificar el comportamiento de la m\u00e1quina en funci\u00f3n de los temporizadores de proceso o las derivas de los sensores de lectura.<\/li>\n<li>Recibir diversas alarmas de la instalaci\u00f3n y, en consecuencia, interrumpir el funcionamiento de las utilidades correspondientes.<\/li>\n<\/ul>\n","protected":false},"excerpt":{"rendered":"<p>T\u00daNEL HMI: La interfaz hombre-m\u00e1quina (HMI) consta de paneles t\u00e1ctiles de 65 000 colores en formato 16:9 y tecnolog\u00eda TFT. El software multim\u00e1quina, desarrollado por el departamento inform\u00e1tico de Frigo Impianti, est\u00e1 configurado para gestionar los distintos tipos de m\u00e1quinas y, en particular: Visualizar el estado de los par\u00e1metros de funcionamiento del sistema (entradas\/salidas del [&hellip;]<\/p>\n","protected":false},"author":1,"featured_media":318,"parent":0,"menu_order":2,"comment_status":"closed","ping_status":"closed","template":"","meta":{"_acf_changed":false,"footnotes":""},"class_list":["post-1247","page","type-page","status-publish","has-post-thumbnail","hentry","fma_category-tuneles-automaticos"],"acf":[],"yoast_head":"<!-- This site is optimized with the Yoast SEO plugin v27.5 - https:\/\/yoast.com\/product\/yoast-seo-wordpress\/ -->\n<title>Nuestra tecnolog\u00eda - Frigo Impianti<\/title>\n<meta name=\"robots\" content=\"index, follow, max-snippet:-1, max-image-preview:large, max-video-preview:-1\" \/>\n<link rel=\"canonical\" href=\"https:\/\/www.frigoimpianti.it\/es\/nuestra-tecnologia-tunel\/\" \/>\n<meta property=\"og:locale\" content=\"es_ES\" \/>\n<meta property=\"og:type\" content=\"article\" \/>\n<meta property=\"og:title\" content=\"Nuestra tecnolog\u00eda - Frigo Impianti\" \/>\n<meta property=\"og:description\" content=\"T\u00daNEL HMI: La interfaz hombre-m\u00e1quina (HMI) consta de paneles t\u00e1ctiles de 65 000 colores en formato 16:9 y tecnolog\u00eda TFT. El software multim\u00e1quina, desarrollado por el departamento inform\u00e1tico de Frigo Impianti, est\u00e1 configurado para gestionar los distintos tipos de m\u00e1quinas y, en particular: Visualizar el estado de los par\u00e1metros de funcionamiento del sistema (entradas\/salidas del [&hellip;]\" \/>\n<meta property=\"og:url\" content=\"https:\/\/www.frigoimpianti.it\/es\/nuestra-tecnologia-tunel\/\" \/>\n<meta property=\"og:site_name\" content=\"Frigo Impianti\" \/>\n<meta property=\"article:modified_time\" content=\"2024-02-09T17:07:40+00:00\" \/>\n<meta property=\"og:image\" content=\"https:\/\/www.frigoimpianti.it\/wp-content\/uploads\/2022\/12\/imm_tecnologia.jpg\" \/>\n\t<meta property=\"og:image:width\" content=\"1920\" \/>\n\t<meta property=\"og:image:height\" content=\"1080\" \/>\n\t<meta property=\"og:image:type\" content=\"image\/jpeg\" \/>\n<meta name=\"twitter:card\" content=\"summary_large_image\" \/>\n<meta name=\"twitter:label1\" content=\"Tiempo de lectura\" \/>\n\t<meta name=\"twitter:data1\" content=\"2 minutos\" \/>\n<script type=\"application\/ld+json\" class=\"yoast-schema-graph\">{\"@context\":\"https:\\\/\\\/schema.org\",\"@graph\":[{\"@type\":\"WebPage\",\"@id\":\"https:\\\/\\\/www.frigoimpianti.it\\\/es\\\/nuestra-tecnologia-tunel\\\/\",\"url\":\"https:\\\/\\\/www.frigoimpianti.it\\\/es\\\/nuestra-tecnologia-tunel\\\/\",\"name\":\"Nuestra tecnolog\u00eda - Frigo Impianti\",\"isPartOf\":{\"@id\":\"https:\\\/\\\/www.frigoimpianti.it\\\/es\\\/#website\"},\"primaryImageOfPage\":{\"@id\":\"https:\\\/\\\/www.frigoimpianti.it\\\/es\\\/nuestra-tecnologia-tunel\\\/#primaryimage\"},\"image\":{\"@id\":\"https:\\\/\\\/www.frigoimpianti.it\\\/es\\\/nuestra-tecnologia-tunel\\\/#primaryimage\"},\"thumbnailUrl\":\"https:\\\/\\\/www.frigoimpianti.it\\\/wp-content\\\/uploads\\\/2022\\\/12\\\/imm_tecnologia.jpg\",\"datePublished\":\"2023-06-22T13:57:46+00:00\",\"dateModified\":\"2024-02-09T17:07:40+00:00\",\"inLanguage\":\"es\",\"potentialAction\":[{\"@type\":\"ReadAction\",\"target\":[\"https:\\\/\\\/www.frigoimpianti.it\\\/es\\\/nuestra-tecnologia-tunel\\\/\"]}]},{\"@type\":\"ImageObject\",\"inLanguage\":\"es\",\"@id\":\"https:\\\/\\\/www.frigoimpianti.it\\\/es\\\/nuestra-tecnologia-tunel\\\/#primaryimage\",\"url\":\"https:\\\/\\\/www.frigoimpianti.it\\\/wp-content\\\/uploads\\\/2022\\\/12\\\/imm_tecnologia.jpg\",\"contentUrl\":\"https:\\\/\\\/www.frigoimpianti.it\\\/wp-content\\\/uploads\\\/2022\\\/12\\\/imm_tecnologia.jpg\",\"width\":1920,\"height\":1080},{\"@type\":\"WebSite\",\"@id\":\"https:\\\/\\\/www.frigoimpianti.it\\\/es\\\/#website\",\"url\":\"https:\\\/\\\/www.frigoimpianti.it\\\/es\\\/\",\"name\":\"Frigo Impianti\",\"description\":\"\",\"potentialAction\":[{\"@type\":\"SearchAction\",\"target\":{\"@type\":\"EntryPoint\",\"urlTemplate\":\"https:\\\/\\\/www.frigoimpianti.it\\\/es\\\/?s={search_term_string}\"},\"query-input\":{\"@type\":\"PropertyValueSpecification\",\"valueRequired\":true,\"valueName\":\"search_term_string\"}}],\"inLanguage\":\"es\"}]}<\/script>\n<!-- \/ Yoast SEO plugin. -->","yoast_head_json":{"title":"Nuestra tecnolog\u00eda - Frigo Impianti","robots":{"index":"index","follow":"follow","max-snippet":"max-snippet:-1","max-image-preview":"max-image-preview:large","max-video-preview":"max-video-preview:-1"},"canonical":"https:\/\/www.frigoimpianti.it\/es\/nuestra-tecnologia-tunel\/","og_locale":"es_ES","og_type":"article","og_title":"Nuestra tecnolog\u00eda - Frigo Impianti","og_description":"T\u00daNEL HMI: La interfaz hombre-m\u00e1quina (HMI) consta de paneles t\u00e1ctiles de 65 000 colores en formato 16:9 y tecnolog\u00eda TFT. El software multim\u00e1quina, desarrollado por el departamento inform\u00e1tico de Frigo Impianti, est\u00e1 configurado para gestionar los distintos tipos de m\u00e1quinas y, en particular: Visualizar el estado de los par\u00e1metros de funcionamiento del sistema (entradas\/salidas del [&hellip;]","og_url":"https:\/\/www.frigoimpianti.it\/es\/nuestra-tecnologia-tunel\/","og_site_name":"Frigo Impianti","article_modified_time":"2024-02-09T17:07:40+00:00","og_image":[{"width":1920,"height":1080,"url":"https:\/\/www.frigoimpianti.it\/wp-content\/uploads\/2022\/12\/imm_tecnologia.jpg","type":"image\/jpeg"}],"twitter_card":"summary_large_image","twitter_misc":{"Tiempo de lectura":"2 minutos"},"schema":{"@context":"https:\/\/schema.org","@graph":[{"@type":"WebPage","@id":"https:\/\/www.frigoimpianti.it\/es\/nuestra-tecnologia-tunel\/","url":"https:\/\/www.frigoimpianti.it\/es\/nuestra-tecnologia-tunel\/","name":"Nuestra tecnolog\u00eda - Frigo Impianti","isPartOf":{"@id":"https:\/\/www.frigoimpianti.it\/es\/#website"},"primaryImageOfPage":{"@id":"https:\/\/www.frigoimpianti.it\/es\/nuestra-tecnologia-tunel\/#primaryimage"},"image":{"@id":"https:\/\/www.frigoimpianti.it\/es\/nuestra-tecnologia-tunel\/#primaryimage"},"thumbnailUrl":"https:\/\/www.frigoimpianti.it\/wp-content\/uploads\/2022\/12\/imm_tecnologia.jpg","datePublished":"2023-06-22T13:57:46+00:00","dateModified":"2024-02-09T17:07:40+00:00","inLanguage":"es","potentialAction":[{"@type":"ReadAction","target":["https:\/\/www.frigoimpianti.it\/es\/nuestra-tecnologia-tunel\/"]}]},{"@type":"ImageObject","inLanguage":"es","@id":"https:\/\/www.frigoimpianti.it\/es\/nuestra-tecnologia-tunel\/#primaryimage","url":"https:\/\/www.frigoimpianti.it\/wp-content\/uploads\/2022\/12\/imm_tecnologia.jpg","contentUrl":"https:\/\/www.frigoimpianti.it\/wp-content\/uploads\/2022\/12\/imm_tecnologia.jpg","width":1920,"height":1080},{"@type":"WebSite","@id":"https:\/\/www.frigoimpianti.it\/es\/#website","url":"https:\/\/www.frigoimpianti.it\/es\/","name":"Frigo Impianti","description":"","potentialAction":[{"@type":"SearchAction","target":{"@type":"EntryPoint","urlTemplate":"https:\/\/www.frigoimpianti.it\/es\/?s={search_term_string}"},"query-input":{"@type":"PropertyValueSpecification","valueRequired":true,"valueName":"search_term_string"}}],"inLanguage":"es"}]}},"_links":{"self":[{"href":"https:\/\/www.frigoimpianti.it\/es\/wp-json\/wp\/v2\/pages\/1247","targetHints":{"allow":["GET"]}}],"collection":[{"href":"https:\/\/www.frigoimpianti.it\/es\/wp-json\/wp\/v2\/pages"}],"about":[{"href":"https:\/\/www.frigoimpianti.it\/es\/wp-json\/wp\/v2\/types\/page"}],"author":[{"embeddable":true,"href":"https:\/\/www.frigoimpianti.it\/es\/wp-json\/wp\/v2\/users\/1"}],"replies":[{"embeddable":true,"href":"https:\/\/www.frigoimpianti.it\/es\/wp-json\/wp\/v2\/comments?post=1247"}],"version-history":[{"count":3,"href":"https:\/\/www.frigoimpianti.it\/es\/wp-json\/wp\/v2\/pages\/1247\/revisions"}],"predecessor-version":[{"id":1449,"href":"https:\/\/www.frigoimpianti.it\/es\/wp-json\/wp\/v2\/pages\/1247\/revisions\/1449"}],"wp:featuredmedia":[{"embeddable":true,"href":"https:\/\/www.frigoimpianti.it\/es\/wp-json\/wp\/v2\/media\/318"}],"wp:attachment":[{"href":"https:\/\/www.frigoimpianti.it\/es\/wp-json\/wp\/v2\/media?parent=1247"}],"curies":[{"name":"wp","href":"https:\/\/api.w.org\/{rel}","templated":true}]}}