{"id":1241,"date":"2023-09-18T12:14:07","date_gmt":"2023-09-18T10:14:07","guid":{"rendered":"https:\/\/www.frigoimpianti.it\/politica-di-qualita\/"},"modified":"2024-02-09T18:09:14","modified_gmt":"2024-02-09T17:09:14","slug":"politica-de-calidad","status":"publish","type":"page","link":"https:\/\/www.frigoimpianti.it\/es\/politica-de-calidad\/","title":{"rendered":"Pol\u00edtica de calidad"},"content":{"rendered":"<p class=\"p1\">Nuestra pol\u00edtica es \u00abLa naturaleza nos gu\u00eda\u00bb, siempre hemos actuado en este sentido y seguiremos haci\u00e9ndolo. Siempre buscaremos nuevas tecnolog\u00edas, tambi\u00e9n mediante la cooperaci\u00f3n con los clientes, que nos permitan obtener productos finales cada vez m\u00e1s naturales y nos aseguraremos de que nuestras plantas sean cada vez m\u00e1s respetuosas con el medio ambiente.<\/p>\n<p class=\"p1\">La empresa ha establecido esta pol\u00edtica para aplicar los requisitos del Reglamento (CE) n.\u00ba 2023\/2006 y 1935\/2004.<\/p>\n<p class=\"p1\">La direcci\u00f3n de la empresa identifica como objetivo prioritario de su pol\u00edtica la fabricaci\u00f3n de un producto que cumpla los requisitos de legalidad, seguridad, calidad e higiene establecidos por la normativa vigente, y considera que el servicio prestado se caracteriza por la m\u00e1xima profesionalidad, flexibilidad, eficacia y puntualidad.<\/p>\n<p class=\"p1\">Uno de los objetivos prioritarios es mejorar continuamente la calidad del producto y el servicio ofrecidos a trav\u00e9s de:<\/p>\n<ol class=\"ol1\">\n<li class=\"li2\">El cumplimiento de la legislaci\u00f3n vigente sobre art\u00edculos en contacto con alimentos.<\/li>\n<li class=\"li2\">La cuidadosa selecci\u00f3n de materias primas y proveedores.<\/li>\n<li class=\"li2\">La aplicaci\u00f3n de las Buenas Pr\u00e1cticas de Fabricaci\u00f3n (BPF) a todo el proceso de producci\u00f3n.<\/li>\n<li class=\"li2\">La formaci\u00f3n continua (presencial y sobre el terreno) de sus empleados en BPF.<\/li>\n<li class=\"li2\">La verificaci\u00f3n de la conformidad del producto fabricado.<\/li>\n<li class=\"li2\">La verificaci\u00f3n continua de las normas establecidas.<\/li>\n<\/ol>\n<p class=\"p1\">La direcci\u00f3n de la empresa considera que el Sistema de Garant\u00eda y Control de Calidad-BPF es el medio m\u00e1s adecuado para satisfacer mejor las expectativas de los clientes y, al mismo tiempo, perseguir sus objetivos prioritarios.<\/p>\n<p class=\"p1\">La atenci\u00f3n constante a las BPF es un factor determinante para el \u00e9xito de la empresa a la hora de garantizar un producto de calidad, incluso en comparaci\u00f3n con lo que ofrecen nuestros principales competidores en el mercado.<\/p>\n<p class=\"p1\">Siempre hemos estado y seguiremos estando comprometidos en garantizar que nuestras plantas ahorren energ\u00eda y que en ellas se utilicen porcentajes cada vez mayores de materiales reciclables.<\/p>\n<p class=\"p1\">Con la implantaci\u00f3n de un Sistema de Gesti\u00f3n de la Calidad documentado, e incluso en ausencia de un Sistema de Gesti\u00f3n Medioambiental, Frigo Impianti S.r.l. adquiereun compromiso por el que se propone:<\/p>\n<ul class=\"ul1\">\n<li class=\"li2\">La m\u00e1xima eficacia en la b\u00fasqueda de la satisfacci\u00f3n del cliente mediante el suministro de productos y servicios que cumplan con los requisitos especificados, con el objetivo de superar sus propias expectativas, al tiempo que se previene la contaminaci\u00f3n medioambiental mediante la promoci\u00f3n de sistemas adoptados en nuestras plantas, tales como:<\/li>\n<\/ul>\n<ol class=\"ol1\">\n<li class=\"li2\">La RECUPERACI\u00d3N DE CALOR, que permite obtener calor en el interior de las celdas (aprovechando el gas caliente del circuito de refrigeraci\u00f3n) sin consumir energ\u00eda el\u00e9ctrica adicional que, de otro modo, ser\u00eda necesaria mediante resistencias el\u00e9ctricas.<\/li>\n<li class=\"li2\">El AHORRO DE ENERG\u00cdA, que permite utilizar el aire exterior cuando este se encuentra a determinados valores de temperatura y humedad, sin que se active el sistema para conseguir las mismas condiciones.<\/li>\n<li class=\"li2\">PHASECK, el sistema patentado de Frigoimpianti, que no solo permite obtener un producto final con mejores caracter\u00edsticas organol\u00e9pticas, sino que adem\u00e1s permite obtenerlo m\u00e1s r\u00e1pidamente y con el consiguiente ahorro energ\u00e9tico.<\/li>\n<\/ol>\n<ul class=\"ul1\">\n<li class=\"li2\">La m\u00e1xima eficiencia interna que, gracias a la capacidad de optimizar los costes, es capaz de ofrecer productos y servicios a precios competitivos, y que garantiza a la empresa la estabilidad y los recursos necesarios para permitir la innovaci\u00f3n, el desarrollo y la mejora continua.<\/li>\n<\/ul>\n<p class=\"p1\"><b>Adem\u00e1s<\/b> de este objetivo principal, mediante el Sistema de Gesti\u00f3n <b>Frigo Impianti S.r.l., y gracias alcumplimiento de la norma UNI EN ISO 9001:<\/b>2015, se dedica a actividades dirigidas a:<\/p>\n<ul class=\"ul1\">\n<li class=\"li2\">cumplir continuamente la legislaci\u00f3n y la normativa, as\u00ed como todos los requisitos aplicables a la empresa;<\/li>\n<li class=\"li2\">elevar la cultura de la calidad en las personas que trabajan en la organizaci\u00f3n, implic\u00e1ndolas en el conocimiento de la importancia de su trabajo;<\/li>\n<li class=\"li2\">prevenir, reducir y\/o eliminar los riesgos empresariales, porque provocan derroches y defectos que producen costes adicionales y posibles perjuicios a los clientes;<\/li>\n<li class=\"li2\">satisfacer las demandas de los clientes y comprometerse a comunicar, implicar y tener en cuenta las expectativas de todas las partes interesadas;<\/li>\n<li class=\"li2\">mejorar continuamente el producto\/servicio prestado en consonancia con las exigencias del mercado mediante estudios de mercado y reuniones con los clientes;<\/li>\n<li class=\"li2\">llevar a cabo un ajuste continuo de la capacidad de producci\u00f3n y la flexibilidad de la empresa para mantener una alta competitividad de sus productos y una \u00f3ptima relaci\u00f3n calidad\/precio de conformidad con todas las leyes aplicables;<\/li>\n<li class=\"li2\">implicar y transmitir la Pol\u00edtica al personal de todos los niveles mediante reuniones peri\u00f3dicas;<\/li>\n<li class=\"li2\">fijar y alcanzar objetivos mensurables para evaluar la eficacia del Sistema de Gesti\u00f3n.<\/li>\n<\/ul>\n<p class=\"p1\">A tal fin, y sin perjuicio del cumplimiento de la legislaci\u00f3n aplicable, de la normativa t\u00e9cnico-contractual y de las normas de seguridad de los productos, decide establecer y mantener un programa de gesti\u00f3n para la planificaci\u00f3n y el control de todas las actividades que afecten a la calidad.<\/p>\n<p class=\"p1\">La responsabilidad del establecimiento, aplicaci\u00f3n y mantenimiento del Sistema de Gesti\u00f3n recae en el Responsable de la Gesti\u00f3n del Sistema de Calidad.<\/p>\n<p class=\"p1\">Este Responsable tiene autoridad y libertad organizativa para:<\/p>\n<ul class=\"ul1\">\n<li class=\"li2\">promover las acciones necesarias para prevenir la aparici\u00f3n de no conformidades de productos, servicios, procesos y sistemas de gesti\u00f3n;<\/li>\n<li class=\"li2\">identificar y registrar cualquier problema relacionado con el producto, el servicio, el proceso y el sistema de gesti\u00f3n;<\/li>\n<li class=\"li2\">iniciar, proponer o aportar soluciones a trav\u00e9s de los canales establecidos;<\/li>\n<li class=\"li2\">verificar la aplicaci\u00f3n de las soluciones;<\/li>\n<li class=\"li2\">supervisar la transformaci\u00f3n o entrega posterior del producto no conforme hasta que se haya corregido la deficiencia o la condici\u00f3n insatisfactoria;<\/li>\n<\/ul>\n<p class=\"p1\">Todo el personal de la empresa est\u00e1 obligado a actuar de acuerdo con este manual y los procedimientos que en \u00e9l se mencionan.<\/p>\n<p class=\"p1\">Cualquier discrepancia entre el responsable del Sistema de Gesti\u00f3n y otros directivos se pondr\u00e1 en conocimiento de la Direcci\u00f3n para su resoluci\u00f3n.<\/p>\n<p class=\"p1\">La Direcci\u00f3n como contribuci\u00f3n directa a la aplicaci\u00f3n del sistema:<\/p>\n<ul class=\"ul1\">\n<li class=\"li2\">Proporciona los recursos humanos, tecnol\u00f3gicos y econ\u00f3micos necesarios para implantar y gestionar adecuadamente este Sistema de Gesti\u00f3n.<\/li>\n<li class=\"li2\">Coordina las actividades de dise\u00f1o, aplicaci\u00f3n y evoluci\u00f3n del Sistema.<\/li>\n<li class=\"li2\">Supervisa y eval\u00faa los resultados obtenidos activando todas las iniciativas necesarias para mejorar su eficacia y fiabilidad.<\/li>\n<li class=\"li2\">Hace p\u00fablica esta Pol\u00edtica y la pone en conocimiento de todos los recursos humanos, implic\u00e1ndolos, para que sea comprendida, compartida, aplicada y mantenida activa.<\/li>\n<\/ul>\n<p class=\"p2\"><i>Documento actualizado el 07.07.2023<\/i><\/p>\n","protected":false},"excerpt":{"rendered":"<p>Nuestra pol\u00edtica es \u00abLa naturaleza nos gu\u00eda\u00bb, siempre hemos actuado en este sentido y seguiremos haci\u00e9ndolo. Siempre buscaremos nuevas tecnolog\u00edas, tambi\u00e9n mediante la cooperaci\u00f3n con los clientes, que nos permitan obtener productos finales cada vez m\u00e1s naturales y nos aseguraremos de que nuestras plantas sean cada vez m\u00e1s respetuosas con el medio ambiente. La empresa [&hellip;]<\/p>\n","protected":false},"author":1,"featured_media":0,"parent":0,"menu_order":0,"comment_status":"closed","ping_status":"closed","template":"","meta":{"_acf_changed":false,"footnotes":""},"class_list":["post-1241","page","type-page","status-publish","hentry"],"acf":[],"yoast_head":"<!-- This site is optimized with the Yoast SEO plugin v27.4 - https:\/\/yoast.com\/product\/yoast-seo-wordpress\/ -->\n<title>Pol\u00edtica de calidad - Frigo Impianti<\/title>\n<meta name=\"robots\" content=\"index, follow, max-snippet:-1, max-image-preview:large, max-video-preview:-1\" \/>\n<link rel=\"canonical\" href=\"https:\/\/www.frigoimpianti.it\/es\/politica-de-calidad\/\" \/>\n<meta property=\"og:locale\" content=\"es_ES\" \/>\n<meta property=\"og:type\" content=\"article\" \/>\n<meta property=\"og:title\" content=\"Pol\u00edtica de calidad - Frigo Impianti\" \/>\n<meta property=\"og:description\" content=\"Nuestra pol\u00edtica es \u00abLa naturaleza nos gu\u00eda\u00bb, siempre hemos actuado en este sentido y seguiremos haci\u00e9ndolo. Siempre buscaremos nuevas tecnolog\u00edas, tambi\u00e9n mediante la cooperaci\u00f3n con los clientes, que nos permitan obtener productos finales cada vez m\u00e1s naturales y nos aseguraremos de que nuestras plantas sean cada vez m\u00e1s respetuosas con el medio ambiente. La empresa [&hellip;]\" \/>\n<meta property=\"og:url\" content=\"https:\/\/www.frigoimpianti.it\/es\/politica-de-calidad\/\" \/>\n<meta property=\"og:site_name\" content=\"Frigo Impianti\" \/>\n<meta property=\"article:modified_time\" content=\"2024-02-09T17:09:14+00:00\" \/>\n<meta name=\"twitter:card\" content=\"summary_large_image\" \/>\n<meta name=\"twitter:label1\" content=\"Tiempo de lectura\" \/>\n\t<meta name=\"twitter:data1\" content=\"6 minutos\" \/>\n<script type=\"application\/ld+json\" class=\"yoast-schema-graph\">{\"@context\":\"https:\\\/\\\/schema.org\",\"@graph\":[{\"@type\":\"WebPage\",\"@id\":\"https:\\\/\\\/www.frigoimpianti.it\\\/es\\\/politica-de-calidad\\\/\",\"url\":\"https:\\\/\\\/www.frigoimpianti.it\\\/es\\\/politica-de-calidad\\\/\",\"name\":\"Pol\u00edtica de calidad - Frigo Impianti\",\"isPartOf\":{\"@id\":\"https:\\\/\\\/www.frigoimpianti.it\\\/es\\\/#website\"},\"datePublished\":\"2023-09-18T10:14:07+00:00\",\"dateModified\":\"2024-02-09T17:09:14+00:00\",\"inLanguage\":\"es\",\"potentialAction\":[{\"@type\":\"ReadAction\",\"target\":[\"https:\\\/\\\/www.frigoimpianti.it\\\/es\\\/politica-de-calidad\\\/\"]}]},{\"@type\":\"WebSite\",\"@id\":\"https:\\\/\\\/www.frigoimpianti.it\\\/es\\\/#website\",\"url\":\"https:\\\/\\\/www.frigoimpianti.it\\\/es\\\/\",\"name\":\"Frigo Impianti\",\"description\":\"\",\"potentialAction\":[{\"@type\":\"SearchAction\",\"target\":{\"@type\":\"EntryPoint\",\"urlTemplate\":\"https:\\\/\\\/www.frigoimpianti.it\\\/es\\\/?s={search_term_string}\"},\"query-input\":{\"@type\":\"PropertyValueSpecification\",\"valueRequired\":true,\"valueName\":\"search_term_string\"}}],\"inLanguage\":\"es\"}]}<\/script>\n<!-- \/ Yoast SEO plugin. -->","yoast_head_json":{"title":"Pol\u00edtica de calidad - Frigo Impianti","robots":{"index":"index","follow":"follow","max-snippet":"max-snippet:-1","max-image-preview":"max-image-preview:large","max-video-preview":"max-video-preview:-1"},"canonical":"https:\/\/www.frigoimpianti.it\/es\/politica-de-calidad\/","og_locale":"es_ES","og_type":"article","og_title":"Pol\u00edtica de calidad - Frigo Impianti","og_description":"Nuestra pol\u00edtica es \u00abLa naturaleza nos gu\u00eda\u00bb, siempre hemos actuado en este sentido y seguiremos haci\u00e9ndolo. Siempre buscaremos nuevas tecnolog\u00edas, tambi\u00e9n mediante la cooperaci\u00f3n con los clientes, que nos permitan obtener productos finales cada vez m\u00e1s naturales y nos aseguraremos de que nuestras plantas sean cada vez m\u00e1s respetuosas con el medio ambiente. La empresa [&hellip;]","og_url":"https:\/\/www.frigoimpianti.it\/es\/politica-de-calidad\/","og_site_name":"Frigo Impianti","article_modified_time":"2024-02-09T17:09:14+00:00","twitter_card":"summary_large_image","twitter_misc":{"Tiempo de lectura":"6 minutos"},"schema":{"@context":"https:\/\/schema.org","@graph":[{"@type":"WebPage","@id":"https:\/\/www.frigoimpianti.it\/es\/politica-de-calidad\/","url":"https:\/\/www.frigoimpianti.it\/es\/politica-de-calidad\/","name":"Pol\u00edtica de calidad - Frigo Impianti","isPartOf":{"@id":"https:\/\/www.frigoimpianti.it\/es\/#website"},"datePublished":"2023-09-18T10:14:07+00:00","dateModified":"2024-02-09T17:09:14+00:00","inLanguage":"es","potentialAction":[{"@type":"ReadAction","target":["https:\/\/www.frigoimpianti.it\/es\/politica-de-calidad\/"]}]},{"@type":"WebSite","@id":"https:\/\/www.frigoimpianti.it\/es\/#website","url":"https:\/\/www.frigoimpianti.it\/es\/","name":"Frigo Impianti","description":"","potentialAction":[{"@type":"SearchAction","target":{"@type":"EntryPoint","urlTemplate":"https:\/\/www.frigoimpianti.it\/es\/?s={search_term_string}"},"query-input":{"@type":"PropertyValueSpecification","valueRequired":true,"valueName":"search_term_string"}}],"inLanguage":"es"}]}},"_links":{"self":[{"href":"https:\/\/www.frigoimpianti.it\/es\/wp-json\/wp\/v2\/pages\/1241","targetHints":{"allow":["GET"]}}],"collection":[{"href":"https:\/\/www.frigoimpianti.it\/es\/wp-json\/wp\/v2\/pages"}],"about":[{"href":"https:\/\/www.frigoimpianti.it\/es\/wp-json\/wp\/v2\/types\/page"}],"author":[{"embeddable":true,"href":"https:\/\/www.frigoimpianti.it\/es\/wp-json\/wp\/v2\/users\/1"}],"replies":[{"embeddable":true,"href":"https:\/\/www.frigoimpianti.it\/es\/wp-json\/wp\/v2\/comments?post=1241"}],"version-history":[{"count":2,"href":"https:\/\/www.frigoimpianti.it\/es\/wp-json\/wp\/v2\/pages\/1241\/revisions"}],"predecessor-version":[{"id":1451,"href":"https:\/\/www.frigoimpianti.it\/es\/wp-json\/wp\/v2\/pages\/1241\/revisions\/1451"}],"wp:attachment":[{"href":"https:\/\/www.frigoimpianti.it\/es\/wp-json\/wp\/v2\/media?parent=1241"}],"curies":[{"name":"wp","href":"https:\/\/api.w.org\/{rel}","templated":true}]}}